{"id":74,"date":"2011-05-17T10:37:11","date_gmt":"2011-05-17T10:37:11","guid":{"rendered":"https:\/\/arena-guckkasten.de\/?page_id=74"},"modified":"2014-02-20T14:17:55","modified_gmt":"2014-02-20T14:17:55","slug":"soony","status":"publish","type":"page","link":"https:\/\/guckkasten.kastenwesen.com\/?page_id=74","title":{"rendered":"Soony"},"content":{"rendered":"<p><a href=\"https:\/\/guckkasten.kastenwesen.com\/wp-content\/uploads\/2011\/05\/Amelie.jpg\"><br \/>\n<img loading=\"lazy\" decoding=\"async\" class=\"size-full wp-image-224 aligncenter\" src=\"https:\/\/guckkasten.kastenwesen.com\/wp-content\/uploads\/2011\/05\/Soony.jpg\" alt=\"\" width=\"300\" height=\"206\" \/><\/a><br \/>\n<object width=\"480\" height=\"390\"><param name=\"movie\" value=\"https:\/\/www.youtube.com\/v\/bNHvEyU0Q7Q?version=3&amp;hl=de_DE\"><\/param><param name=\"allowFullScreen\" value=\"true\"><\/param><param name=\"allowscriptaccess\" value=\"always\"><\/param><embed src=\"https:\/\/www.youtube.com\/v\/bNHvEyU0Q7Q?version=3&amp;hl=de_DE\" type=\"application\/x-shockwave-flash\" width=\"480\" height=\"390\" allowscriptaccess=\"always\" allowfullscreen=\"true\"><\/embed><\/object><\/p>\n<p style=\"text-align: center\">###############################################################<br \/>\n<strong>Ab hier mehr Raum f\u00fcr DICH:<\/strong><\/p>\n<p style=\"text-align: left\">&#8222;Ich dachte dann, ich h\u00e4tte Sex, aber dann hatte ich nen D\u00f6ner&#8220;<\/p>\n","protected":false},"excerpt":{"rendered":"<p>############################################################### Ab hier mehr Raum f\u00fcr DICH: &#8222;Ich dachte dann, ich h\u00e4tte Sex, aber dann hatte ich nen D\u00f6ner&#8220;<\/p>\n","protected":false},"author":2,"featured_media":0,"parent":5,"menu_order":0,"comment_status":"open","ping_status":"open","template":"menschen.php","meta":{"footnotes":""},"class_list":["post-74","page","type-page","status-publish","hentry"],"_links":{"self":[{"href":"https:\/\/guckkasten.kastenwesen.com\/index.php?rest_route=\/wp\/v2\/pages\/74","targetHints":{"allow":["GET"]}}],"collection":[{"href":"https:\/\/guckkasten.kastenwesen.com\/index.php?rest_route=\/wp\/v2\/pages"}],"about":[{"href":"https:\/\/guckkasten.kastenwesen.com\/index.php?rest_route=\/wp\/v2\/types\/page"}],"author":[{"embeddable":true,"href":"https:\/\/guckkasten.kastenwesen.com\/index.php?rest_route=\/wp\/v2\/users\/2"}],"replies":[{"embeddable":true,"href":"https:\/\/guckkasten.kastenwesen.com\/index.php?rest_route=%2Fwp%2Fv2%2Fcomments&post=74"}],"version-history":[{"count":8,"href":"https:\/\/guckkasten.kastenwesen.com\/index.php?rest_route=\/wp\/v2\/pages\/74\/revisions"}],"predecessor-version":[{"id":795,"href":"https:\/\/guckkasten.kastenwesen.com\/index.php?rest_route=\/wp\/v2\/pages\/74\/revisions\/795"}],"up":[{"embeddable":true,"href":"https:\/\/guckkasten.kastenwesen.com\/index.php?rest_route=\/wp\/v2\/pages\/5"}],"wp:attachment":[{"href":"https:\/\/guckkasten.kastenwesen.com\/index.php?rest_route=%2Fwp%2Fv2%2Fmedia&parent=74"}],"curies":[{"name":"wp","href":"https:\/\/api.w.org\/{rel}","templated":true}]}}